{"id":1342,"date":"2024-08-06T22:30:25","date_gmt":"2024-08-06T20:30:25","guid":{"rendered":"https:\/\/www.raptore-bajk.pl\/?post_type=product&#038;p=1342"},"modified":"2025-10-22T13:53:45","modified_gmt":"2025-10-22T11:53:45","slug":"akumulator-talaria-sting-60v-65ah-16kw","status":"publish","type":"product","link":"https:\/\/www.raptore-bajk.pl\/index.php\/produkt\/akumulator-talaria-sting-60v-65ah-16kw\/","title":{"rendered":"Akumulator Talaria Sting R MX3 MX4 60V 65Ah 16kW"},"content":{"rendered":"<p><strong>Akumulator Li-ion w trwa\u0142ej obudowie Custom<\/strong><br \/>\n<strong>60 V 65Ah 3900Wh Current 200A 300A peek<\/strong><\/p>\n<p><span>Do akumulatora zaprojektowali\u015bmy Odpowiedni\u0105 ta\u015bm\u0119 \u201d \u0142\u0105czniki\u201d\u00a0 czyst\u0105 miedzi\u0105, kt\u00f3ra jest ci\u0119ta technologi\u0105 laserow\u0105, Co wyr\u00f3\u017cnia nasze produkty na rynku z innymi konkurencyjnymi firmami. Nasze \u0142\u0105czniki bardzo dobrze przenosz\u0105 pr\u0105d bez \u017cadnych strat czy nagrzewa ogniw, Za czym idzie zwi\u0119kszenie wydajno\u015bci Akumulatora.<\/span><br \/>\n<span>Akumulator jest wykonany Na najwy\u017cszym poziomie. Z wykorzystaniem Najnowszych technologii i rozwi\u0105za\u0144<\/span><\/p>\n<p>Zawiera wska\u017anik poziomu na\u0142adowania LCD<\/p>\n<p><strong>Wersja oficjalna z zachowaniem odporno\u015bci na zalania wod\u0105 [ Nie myjemy myjkami ci\u015bnieniowymi]<\/strong><\/p>\n<p><span>Waga akumulatora 19 Kg<\/span><br \/>\n<span>Nie wymaga zmiany klapki akumulatora<\/span><\/p>\n<p><strong>W zestawie<\/strong><\/p>\n<ul>\n<li><span>Akumulator 60<\/span><span>V<\/span><span> 65Ah\u00a0 16kW<\/span><\/li>\n<li>Instrukcja Obs\u0142ugi<\/li>\n<li>Gwarancja<\/li>\n<li>Tacka pod akumulator<\/li>\n<\/ul>\n<p><strong>Nie\u00a0 wymagana\u00a0 zmiany \u0142adowarki<\/strong><\/p>\n<p>&nbsp;<\/p>\n<p><span>Wymiary:<\/span><\/p>\n<p><span>wysoko\u015b\u0107 <em><strong>STOCK<\/strong><\/em><\/span><\/p>\n<p><span>Na akumulator jest rok gwarancji !!<\/span><span>.<\/span><span><\/span><\/p>\n<p><strong>Czas oczekiwania od 14- do 30 dni roboczych w zale\u017cno\u015bci od ilo\u015bci zam\u00f3wie\u0144\u00a0<\/strong><\/p>\n<p>Do akumulatora zalecamy sterownik\u00a0 <em><strong><a href=\"https:\/\/www.raptore-bajk.pl\/index.php\/produkt\/sterownik-torp-tc500-do-talarii-sting-mx3-mx4\/\">Torp TC 500\u00a0<\/a> Lub <a href=\"https:\/\/www.raptore-bajk.pl\/index.php\/produkt\/sterownik-tc-1000-torp-motor\/\">TC1000<\/a><\/strong><\/em><\/p>\n","protected":false},"excerpt":{"rendered":"<p>Akumulator Li-ion w trwa\u0142ej obudowie Custom 60 V 65Ah 3900Wh Current 200A 300A peek Do akumulatora zaprojektowali\u015bmy Odpowiedni\u0105 ta\u015bm\u0119 \u201d \u0142\u0105czniki\u201d\u00a0 czyst\u0105 miedzi\u0105, kt\u00f3ra jest ci\u0119ta technologi\u0105 laserow\u0105, Co wyr\u00f3\u017cnia nasze produkty na rynku z innymi konkurencyjnymi firmami. Nasze \u0142\u0105czniki bardzo dobrze przenosz\u0105 pr\u0105d bez \u017cadnych strat czy nagrzewa ogniw, [&hellip;]<\/p>\n","protected":false},"featured_media":1947,"comment_status":"open","ping_status":"closed","template":"","meta":[],"product_brand":[],"product_cat":[33],"product_tag":[],"class_list":{"0":"post-1342","1":"product","2":"type-product","3":"status-publish","4":"has-post-thumbnail","6":"product_cat-modyfikacje-talaria-string-mx3-mx4","8":"first","9":"instock","10":"taxable","11":"shipping-taxable","12":"purchasable","13":"product-type-simple"},"jetpack_sharing_enabled":true,"_links":{"self":[{"href":"https:\/\/www.raptore-bajk.pl\/index.php\/wp-json\/wp\/v2\/product\/1342","targetHints":{"allow":["GET"]}}],"collection":[{"href":"https:\/\/www.raptore-bajk.pl\/index.php\/wp-json\/wp\/v2\/product"}],"about":[{"href":"https:\/\/www.raptore-bajk.pl\/index.php\/wp-json\/wp\/v2\/types\/product"}],"replies":[{"embeddable":true,"href":"https:\/\/www.raptore-bajk.pl\/index.php\/wp-json\/wp\/v2\/comments?post=1342"}],"wp:featuredmedia":[{"embeddable":true,"href":"https:\/\/www.raptore-bajk.pl\/index.php\/wp-json\/wp\/v2\/media\/1947"}],"wp:attachment":[{"href":"https:\/\/www.raptore-bajk.pl\/index.php\/wp-json\/wp\/v2\/media?parent=1342"}],"wp:term":[{"taxonomy":"product_brand","embeddable":true,"href":"https:\/\/www.raptore-bajk.pl\/index.php\/wp-json\/wp\/v2\/product_brand?post=1342"},{"taxonomy":"product_cat","embeddable":true,"href":"https:\/\/www.raptore-bajk.pl\/index.php\/wp-json\/wp\/v2\/product_cat?post=1342"},{"taxonomy":"product_tag","embeddable":true,"href":"https:\/\/www.raptore-bajk.pl\/index.php\/wp-json\/wp\/v2\/product_tag?post=1342"}],"curies":[{"name":"wp","href":"https:\/\/api.w.org\/{rel}","templated":true}]}}