{"id":1312,"date":"2024-06-19T23:00:48","date_gmt":"2024-06-19T21:00:48","guid":{"rendered":"https:\/\/www.raptore-bajk.pl\/?post_type=product&#038;p=1312"},"modified":"2026-03-18T13:02:36","modified_gmt":"2026-03-18T12:02:36","slug":"torp-tc1000-do-talarii-mx3-mx4-sting-r","status":"publish","type":"product","link":"https:\/\/www.raptore-bajk.pl\/index.php\/produkt\/torp-tc1000-do-talarii-mx3-mx4-sting-r\/","title":{"rendered":"Torp TC1000 do Talarii MX3 \/ MX4 \u200b\u200b\/ Sting R"},"content":{"rendered":"<p><span>Planujesz modernizacj\u0119 swojego standardowego silnika Talaria? W takim razie najlepszym wyborem b\u0119dzie sterownik TC1000.<\/span><br \/>\n<span>Zwi\u0119ksz moc swojej Talarii MX3 \/ MX4 \u200b\u200bdzi\u0119ki kontrolerowi TC1000.<\/span><br \/>\n<span>Kompatybilny z akumulatorami Talaria i akumulatorami z rynku wt\u00f3rnego (60 V, 72 V i 80 V 22S). \u0141atwy w instalacji i jeszcze \u0142atwiejszy w dostosowaniu do w\u0142asnych preferencji za pomoc\u0105 aplikacji Torp!\u00a0<\/span><\/p>\n<p><span>W przypadku kontroler\u00f3w Torp wszystkie standardowe funkcje Talarii zostan\u0105 zachowane (standardowy wy\u015bwietlacz Talarii, czujnik podp\u00f3rki, czujnik zderzenia, przycisk trybu zasilania i prze\u0142\u0105cznik hamulca), z wyj\u0105tkiem przycisku Start.<\/span><\/p>\n<p><a href=\"https:\/\/youtu.be\/-LJWOhBoxhk?si=LfwPcImSHoazAyZH\"><em><strong>INSTRUKCJA MONTA\u017bU\u00a0<\/strong><\/em><\/a><\/p>\n<p><strong>W PAKIECIE:<\/strong><\/p>\n<ul>\n<li><span>1x sterownik TC1000<\/span><\/li>\n<li><span>1x wi\u0105zka przewod\u00f3w<\/span><\/li>\n<li><span>1x plastikowa os\u0142ona<\/span><\/li>\n<li><span>\u015bruby i narz\u0119dzia potrzebne do monta\u017cu<\/span><\/li>\n<li><span>4x naklejki<\/span><\/li>\n<li><span>kr\u00f3tka instrukcja<\/span><\/li>\n<\/ul>\n<p><strong>SPECYFIKACJA:<\/strong><\/p>\n<ul>\n<li><span>Sterowanie polowe (FOC)<\/span><br \/>\n<span><\/span><\/li>\n<li><span>Obs\u0142ugiwane akumulatory: Obs\u0142ugiwane akumulatory: do 80V nominalnie 22S (92,4 V w pe\u0142ni na\u0142adowane)<\/span><br \/>\n<span><\/span><\/li>\n<li><span>Maksymalna moc: 50kW<\/span><br \/>\n<span><\/span><\/li>\n<li><span>Sterowanie czujnikowe (enkoder HALL) i bezczujnikowe<\/span><br \/>\n<span><\/span><\/li>\n<li><span>Maksymalny pr\u0105d akumulatora: 700 A<\/span><\/li>\n<\/ul>\n<p><strong><span>Wa\u017cne:<\/span><\/strong><span>\u00a0Obecnie kontroler NIE MO\u017bE komunikowa\u0107 si\u0119 z standardow\u0105 bateri\u0105 Talaria produkowan\u0105 przez SCUD. Przeczytaj\u00a0<\/span><a href=\"https:\/\/www.torpmotors.com\/talaria-scud-battery\/\"><span>przed zakupem<\/span><\/a><span>\u00a0. Pozosta\u0142e funkcje kontrolera pozostaj\u0105 nienaruszone.<\/span><\/p>\n<ul>\n<li><span>Maksymalny pr\u0105d fazowy: 1000 A<\/span><br \/>\n<span><\/span><\/li>\n<li><span>Sprawno\u015b\u0107 do 99%<\/span><br \/>\n<span><\/span><\/li>\n<li><span>Temperatura pracy: od -15 do 75 C\u00b0<\/span><br \/>\n<span><\/span><\/li>\n<li><span>Komunikacja Bluetooth<\/span><br \/>\n<span><\/span><\/li>\n<li><span>Wst\u0119pnie skalibrowany: \u0141atwa kalibracja za pomoc\u0105 aplikacji mobilnej<\/span><br \/>\n<span><\/span><\/li>\n<li><span>Zabezpieczenie nadpr\u0105dowe, przepi\u0119ciowe, podnapi\u0119ciowe i nadmiernej temperatury<\/span><br \/>\n<span><\/span><\/li>\n<li><span>Komunikacja z magazynem BMS<\/span><br \/>\n<span><\/span><\/li>\n<li><span>R\u00f3\u017cne tryby hamowania regeneracyjnego i przepustnicy<\/span><br \/>\n<span><\/span><\/li>\n<li><span>Waga: 1,3kg<\/span><\/li>\n<li><span>Funkcje: aplikacja mobilna (IOS i Android), fabryczny wy\u015bwietlacz <\/span><\/li>\n<li><span>Klasa ochrony: IP67<\/span><\/li>\n<li><span>Regularne aktualizacje oprogramowania<\/span><\/li>\n<\/ul>\n<p><a href=\"https:\/\/www.torpmotors.com\/11596-2\/\"><span>Polityka gwarancyjna<\/span><\/a><\/p>\n<p><span>Modyfikowanie standardowego pojazdu elektrycznego mo\u017ce spowodowa\u0107, \u017ce pojazd stanie si\u0119 niezgodny z lokalnymi przepisami dotycz\u0105cymi bezpiecze\u0144stwa drogowego. Przed dokonaniem modyfikacji pojazdu w celu zapewnienia zgodno\u015bci z przepisami drogowymi nale\u017cy koniecznie skonsultowa\u0107 si\u0119 z ekspertami lub w\u0142adzami.<\/span><\/p>\n<p><strong>Jaka moc przy danej konfiguracji\u00a0<\/strong><\/p>\n<h5 class=\"et_pb_toggle_title\"><span dir=\"auto\">TC1000 + Talaria MX3\/MX4\/<\/span><\/h5>\n<div class=\"et_pb_toggle_content clearfix\">\n<p><span><strong><mark><span dir=\"auto\">Silnik seryjny MX3:<\/span><\/mark><\/strong><\/span><\/p>\n<ul>\n<li><span><strong><span dir=\"auto\">Standardowe 60V:<\/span><\/strong><\/span><span dir=\"auto\"><span>\u00a0<\/span>8kW<\/span><\/li>\n<li><span><strong><span dir=\"auto\">Niestandardowe 60V:<\/span><\/strong><\/span><span dir=\"auto\"><span>\u00a0<\/span>13,5 kW<\/span><\/li>\n<li><span><strong><span dir=\"auto\">Niestandardowe 72V:<\/span><\/strong><\/span><span dir=\"auto\"><span>\u00a0<\/span>18 kW<\/span><\/li>\n<li><span><strong><span dir=\"auto\">Niestandardowe 80V:<\/span><\/strong><\/span><span dir=\"auto\"><span>\u00a0<\/span>20kW<\/span><\/li>\n<\/ul>\n<p><span><strong><mark><span dir=\"auto\">Silnik seryjny MX4:<\/span><\/mark><\/strong><\/span><\/p>\n<ul>\n<li><span><strong><span dir=\"auto\">Standardowe 60V:<\/span><\/strong><\/span><span dir=\"auto\"><span>\u00a0<\/span>11,5kW<\/span><\/li>\n<li><span><strong><span dir=\"auto\">Niestandardowe 60V:<\/span><\/strong><\/span><span dir=\"auto\"><span>\u00a0<\/span>13,5 kW<\/span><\/li>\n<li><span><strong><span dir=\"auto\">Niestandardowe 72V:<\/span><\/strong><\/span><span dir=\"auto\"><span>\u00a0<\/span>18 kW<\/span><\/li>\n<li><span><strong><span dir=\"auto\">Niestandardowe 80V:<\/span><\/strong><\/span><span dir=\"auto\"><span>\u00a0<\/span>20kW<\/span><\/li>\n<\/ul>\n<p><span><strong><mark><span dir=\"auto\">Silnik Sotion fw02 MX3- MX4:<\/span><\/mark><\/strong><\/span><\/p>\n<ul>\n<li><span><strong><span dir=\"auto\">Standardowe 60V:<\/span><\/strong><\/span><span dir=\"auto\"><span>\u00a0<\/span>11,5kW<\/span><\/li>\n<li><span><strong><span dir=\"auto\">Niestandardowe 60V:<\/span><\/strong><\/span><span dir=\"auto\"><span> 18<\/span>kW<\/span><\/li>\n<li><span><strong><span dir=\"auto\">Niestandardowe 72V:<\/span><\/strong><\/span><span dir=\"auto\"><span> 22<\/span>\u00a0kW<\/span><\/li>\n<li><span><strong><span dir=\"auto\">Niestandardowe 80V:<\/span><\/strong><\/span><span dir=\"auto\"><span>\u00a0<\/span>25kW<\/span><\/li>\n<\/ul>\n<\/div>\n<p>&nbsp;<\/p>\n","protected":false},"excerpt":{"rendered":"<p>Planujesz modernizacj\u0119 swojego standardowego silnika Talaria? W takim razie najlepszym wyborem b\u0119dzie sterownik TC1000. Zwi\u0119ksz moc swojej Talarii MX3 \/ MX4 \u200b\u200bdzi\u0119ki kontrolerowi TC1000. Kompatybilny z akumulatorami Talaria i akumulatorami z rynku wt\u00f3rnego (60 V, 72 V i 80 V 22S). \u0141atwy w instalacji i jeszcze \u0142atwiejszy w dostosowaniu do [&hellip;]<\/p>\n","protected":false},"featured_media":2069,"comment_status":"open","ping_status":"closed","template":"","meta":[],"product_brand":[],"product_cat":[33,28],"product_tag":[],"class_list":{"0":"post-1312","1":"product","2":"type-product","3":"status-publish","4":"has-post-thumbnail","6":"product_cat-modyfikacje-talaria-string-mx3-mx4","7":"product_cat-sterownik","9":"first","10":"instock","11":"taxable","12":"shipping-taxable","13":"purchasable","14":"product-type-simple"},"jetpack_sharing_enabled":true,"_links":{"self":[{"href":"https:\/\/www.raptore-bajk.pl\/index.php\/wp-json\/wp\/v2\/product\/1312","targetHints":{"allow":["GET"]}}],"collection":[{"href":"https:\/\/www.raptore-bajk.pl\/index.php\/wp-json\/wp\/v2\/product"}],"about":[{"href":"https:\/\/www.raptore-bajk.pl\/index.php\/wp-json\/wp\/v2\/types\/product"}],"replies":[{"embeddable":true,"href":"https:\/\/www.raptore-bajk.pl\/index.php\/wp-json\/wp\/v2\/comments?post=1312"}],"wp:featuredmedia":[{"embeddable":true,"href":"https:\/\/www.raptore-bajk.pl\/index.php\/wp-json\/wp\/v2\/media\/2069"}],"wp:attachment":[{"href":"https:\/\/www.raptore-bajk.pl\/index.php\/wp-json\/wp\/v2\/media?parent=1312"}],"wp:term":[{"taxonomy":"product_brand","embeddable":true,"href":"https:\/\/www.raptore-bajk.pl\/index.php\/wp-json\/wp\/v2\/product_brand?post=1312"},{"taxonomy":"product_cat","embeddable":true,"href":"https:\/\/www.raptore-bajk.pl\/index.php\/wp-json\/wp\/v2\/product_cat?post=1312"},{"taxonomy":"product_tag","embeddable":true,"href":"https:\/\/www.raptore-bajk.pl\/index.php\/wp-json\/wp\/v2\/product_tag?post=1312"}],"curies":[{"name":"wp","href":"https:\/\/api.w.org\/{rel}","templated":true}]}}