{"id":1309,"date":"2024-06-19T22:52:10","date_gmt":"2024-06-19T20:52:10","guid":{"rendered":"https:\/\/www.raptore-bajk.pl\/?post_type=product&#038;p=1309"},"modified":"2026-05-08T13:26:27","modified_gmt":"2026-05-08T11:26:27","slug":"torp-tc500-dla-talaria-mx3mx4-sting-r","status":"publish","type":"product","link":"https:\/\/www.raptore-bajk.pl\/index.php\/produkt\/torp-tc500-dla-talaria-mx3mx4-sting-r\/","title":{"rendered":"Torp TC500 dla Talaria MX3\\MX4\\ Sting R"},"content":{"rendered":"<p><span>Zwi\u0119ksz moc swojej Talarii MX3 \/ MX4 \u200b\u200bdzi\u0119ki kontrolerowi TC500.<\/span><br \/>\n<span>Maksymalna moc z akumulatorem fabrycznym w Talarii MX4 wynosi 11,5 kW, a w przypadku MX3 to 8 kW.<\/span><br \/>\n<span>Kompatybilny z fabrycznymi akumulatorami Talaria i akumulatorami z rynku wt\u00f3rnego (60 V i 72 V). \u0141atwy w instalacji i jeszcze \u0142atwiejszy w dostosowaniu do w\u0142asnych preferencji za pomoc\u0105 aplikacji Torp!<\/span><\/p>\n<p><span>W przypadku kontroler\u00f3w Torp wszystkie standardowe funkcje Talarii zostan\u0105 zachowane (standardowy wy\u015bwietlacz Talarii, czujnik podp\u00f3rki, czujnik zderzenia, przycisk trybu zasilania i prze\u0142\u0105cznik hamulca), z wyj\u0105tkiem przycisku Start.<\/span><\/p>\n<p><a href=\"https:\/\/youtu.be\/gTrOrXNspgQ?si=SK7MqF-H20phP44J\"><strong>INSTRUKCJA MONTA\u017bU Video<\/strong><\/a><\/p>\n<p><strong>W Zestawie<\/strong><\/p>\n<ul>\n<li><span>1x sterownik TC500<\/span><br \/>\n<span><\/span><\/li>\n<li><span>1x wi\u0105zka przewod\u00f3w<\/span><br \/>\n<span><\/span><\/li>\n<li><span>1x plastikowa os\u0142ona<\/span><br \/>\n<span><\/span><\/li>\n<li><span>\u015bruby i narz\u0119dzia potrzebne do monta\u017cu<\/span><br \/>\n<span><\/span><\/li>\n<li><span>4x naklejki<\/span><br \/>\n<span><\/span><\/li>\n<li><span>kr\u00f3tka instrukcja<\/span><\/li>\n<\/ul>\n<p><strong>SPECYFIKACJA:<\/strong><\/p>\n<ul>\n<li><span>Sterowanie zorientowane na pole (FOC)<\/span><br \/>\n<span><\/span><\/li>\n<li><span>Napi\u0119cie 20-90V<\/span><br \/>\n<span><\/span><\/li>\n<li><span>Maksymalna moc: 25kW*<\/span><br \/>\n<span><\/span><\/li>\n<li><span>Sterowanie czujnikowe (enkoder HALL) i bezczujnikowe<\/span><br \/>\n<span><\/span><\/li>\n<li><span>Maksymalny pr\u0105d akumulatora: 350 A<\/span><\/li>\n<\/ul>\n<p><span>*W po\u0142\u0105czeniu ze standardowym silnikiem elektrycznym Talaria MX3 \/ MX4 \u200b\u200bi akumulatorem 72 V z rynku wt\u00f3rnego, maksymalna moc wynosi 18 kW.<\/span><\/p>\n<p><strong><span>Wa\u017cne:<\/span><\/strong><span>\u00a0Obecnie kontroler NIE MO\u017bE komunikowa\u0107 si\u0119 z standardow\u0105 bateri\u0105 Talaria produkowan\u0105 przez SCUD. Przeczytaj\u00a0<\/span><a href=\"http:\/\/www.torpmotors.com\/talaria-scud-battery\/\"><span>przed zakupem<\/span><\/a><span>\u00a0. Pozosta\u0142e funkcje kontrolera pozostaj\u0105 nienaruszone.<\/span><\/p>\n<ul>\n<li><span>Maksymalny pr\u0105d fazowy: 500 A<\/span><br \/>\n<span><\/span><\/li>\n<li><span>Sprawno\u015b\u0107 do 99%<\/span><br \/>\n<span><\/span><\/li>\n<li><span>Temperatura pracy: od -15 do 75 C\u00b0<\/span><br \/>\n<span><\/span><\/li>\n<li><span>Komunikacja Bluetooth<\/span><\/li>\n<li><span>Wst\u0119pnie skalibrowany: nie s\u0105 wymagane \u017cadne dodatkowe czynno\u015bci<\/span><br \/>\n<span><\/span><\/li>\n<li><span>Zabezpieczenie nadpr\u0105dowe, przepi\u0119ciowe, podnapi\u0119ciowe i nadmiernej temperatury<\/span><br \/>\n<span><\/span><\/li>\n<li><span>Komunikacja z fabrycznym systemem BMS<\/span><br \/>\n<span><\/span><\/li>\n<li><span>R\u00f3\u017cne tryby hamowania regeneracyjnego i przepustnicy<\/span><br \/>\n<span><\/span><\/li>\n<li><span>Waga: 1kg<\/span><br \/>\n<span><\/span><\/li>\n<li><span>Funkcje: aplikacja mobilna (IOS i Android), fabryczny wy\u015bwietlacz Talaria<\/span><br \/>\n<span><\/span><\/li>\n<li><span>Klasa ochrony: IP67<\/span><br \/>\n<span><\/span><\/li>\n<li><span>Regularne aktualizacje oprogramowania sprz\u0119towego<\/span><\/li>\n<\/ul>\n<p><strong>Jakie Moce przy danej konfiguracji\u00a0 dla MX4<\/strong><\/p>\n<table border=\"1\" width=\"825\" height=\"216\">\n<tbody>\n<tr>\n<td><span dir=\"auto\">Kontroler seryjny + akumulator seryjny<\/span><\/td>\n<td><span dir=\"auto\">7 kW<\/span><\/td>\n<\/tr>\n<tr>\n<td><span dir=\"auto\">TC500 + standardowy akumulator<\/span><\/td>\n<td><span dir=\"auto\">11,5 kW<\/span><\/td>\n<\/tr>\n<tr>\n<td><span dir=\"auto\">TC500 + niestandardowy akumulator 60 V<\/span><\/td>\n<td><span dir=\"auto\">15 kW<\/span><\/td>\n<\/tr>\n<tr>\n<td><span dir=\"auto\">TC500 + niestandardowy akumulator 72 V<\/span><\/td>\n<td><span dir=\"auto\">18 kW<\/span><\/td>\n<\/tr>\n<\/tbody>\n<\/table>\n<p><strong>Jakie Moce przy danej Konfiguracji dla MX3<\/strong><\/p>\n<table border=\"1\">\n<tbody>\n<tr>\n<td><span dir=\"auto\">Kontroler seryjny + akumulator seryjny<\/span><\/td>\n<td><span dir=\"auto\">6 kW<\/span><\/td>\n<\/tr>\n<tr>\n<td><span dir=\"auto\">TC500 + standardowy akumulator<\/span><\/td>\n<td><span dir=\"auto\">8 kW<\/span><\/td>\n<\/tr>\n<tr>\n<td><span dir=\"auto\">TC500 + niestandardowy akumulator 60 V<\/span><\/td>\n<td><span dir=\"auto\">13,5 kW<\/span><\/td>\n<\/tr>\n<tr>\n<td><span dir=\"auto\">TC500 + niestandardowy akumulator 72 V<\/span><\/td>\n<td><span dir=\"auto\">17 kW<\/span><\/td>\n<\/tr>\n<\/tbody>\n<\/table>\n","protected":false},"excerpt":{"rendered":"<p>Zwi\u0119ksz moc swojej Talarii MX3 \/ MX4 \u200b\u200bdzi\u0119ki kontrolerowi TC500. Maksymalna moc z akumulatorem fabrycznym w Talarii MX4 wynosi 11,5 kW, a w przypadku MX3 to 8 kW. Kompatybilny z fabrycznymi akumulatorami Talaria i akumulatorami z rynku wt\u00f3rnego (60 V i 72 V). \u0141atwy w instalacji i jeszcze \u0142atwiejszy w [&hellip;]<\/p>\n","protected":false},"featured_media":2075,"comment_status":"open","ping_status":"closed","template":"","meta":[],"product_brand":[],"product_cat":[33,28],"product_tag":[],"class_list":{"0":"post-1309","1":"product","2":"type-product","3":"status-publish","4":"has-post-thumbnail","6":"product_cat-modyfikacje-talaria-string-mx3-mx4","7":"product_cat-sterownik","9":"first","10":"instock","11":"taxable","12":"shipping-taxable","13":"purchasable","14":"product-type-simple"},"jetpack_sharing_enabled":true,"_links":{"self":[{"href":"https:\/\/www.raptore-bajk.pl\/index.php\/wp-json\/wp\/v2\/product\/1309","targetHints":{"allow":["GET"]}}],"collection":[{"href":"https:\/\/www.raptore-bajk.pl\/index.php\/wp-json\/wp\/v2\/product"}],"about":[{"href":"https:\/\/www.raptore-bajk.pl\/index.php\/wp-json\/wp\/v2\/types\/product"}],"replies":[{"embeddable":true,"href":"https:\/\/www.raptore-bajk.pl\/index.php\/wp-json\/wp\/v2\/comments?post=1309"}],"wp:featuredmedia":[{"embeddable":true,"href":"https:\/\/www.raptore-bajk.pl\/index.php\/wp-json\/wp\/v2\/media\/2075"}],"wp:attachment":[{"href":"https:\/\/www.raptore-bajk.pl\/index.php\/wp-json\/wp\/v2\/media?parent=1309"}],"wp:term":[{"taxonomy":"product_brand","embeddable":true,"href":"https:\/\/www.raptore-bajk.pl\/index.php\/wp-json\/wp\/v2\/product_brand?post=1309"},{"taxonomy":"product_cat","embeddable":true,"href":"https:\/\/www.raptore-bajk.pl\/index.php\/wp-json\/wp\/v2\/product_cat?post=1309"},{"taxonomy":"product_tag","embeddable":true,"href":"https:\/\/www.raptore-bajk.pl\/index.php\/wp-json\/wp\/v2\/product_tag?post=1309"}],"curies":[{"name":"wp","href":"https:\/\/api.w.org\/{rel}","templated":true}]}}