{"id":1216,"date":"2024-06-05T20:55:09","date_gmt":"2024-06-05T18:55:09","guid":{"rendered":"https:\/\/www.raptore-bajk.pl\/?post_type=product&#038;p=1216"},"modified":"2025-11-17T19:52:44","modified_gmt":"2025-11-17T18:52:44","slug":"akumulator-surron-60v-60ah-15kw-rozmiar-stock","status":"publish","type":"product","link":"https:\/\/www.raptore-bajk.pl\/index.php\/produkt\/akumulator-surron-60v-60ah-15kw-rozmiar-stock\/","title":{"rendered":"Akumulator Surron Light 60V 60Ah 15kW rozmiar Stock"},"content":{"rendered":"<p><span>Akumulator Li-ion Surron Light w trwa\u0142ej obudowie Custom<\/span><br \/>\n<span>60 V 60Ah 3600Wh Current 180A 265A peek moc szczytowa 15kW<\/span><\/p>\n<p>Akumulator pasuje do seryjnego Surron Lite Bee \\ Segway X260 Bez podnoszenia Klapki<\/p>\n<p>Do naszego akumulatora zaprojektowali\u015bmy specjalne \u0142\u0105czniki miedziane o grubo\u015bci 0,3 mm, kt\u00f3re s\u0142u\u017c\u0105 do \u0142\u0105czenia ogniw. S\u0105 one precyzyjnie wycinane przy u\u017cyciu technologii laserowej, co wyr\u00f3\u017cnia nasze produkty na tle konkurencji. Nasze \u0142\u0105czniki charakteryzuj\u0105 si\u0119 doskona\u0142ym przewodnictwem pr\u0105du, minimalizuj\u0105c straty energii i zapobiegaj\u0105c nagrzewaniu ogniw. Dzi\u0119ki temu akumulator osi\u0105ga wysok\u0105 wydajno\u015b\u0107.<\/p>\n<p>Ca\u0142y proces produkcji akumulatora odbywa si\u0119 na najwy\u017cszym poziomie, z wykorzystaniem najnowocze\u015bniejszych technologii i innowacyjnych rozwi\u0105za\u0144, co gwarantuje jego niezawodno\u015b\u0107 i trwa\u0142o\u015b\u0107.<\/p>\n<p><strong>Wersja oficjalna z zachowaniem odporno\u015bci na zalania wod\u0105 [ Nie myjemy myjaki ci\u015bnieniowymi]<\/strong><\/p>\n<p><span>Waga akumulatora 16 Kg<\/span><br \/>\n<span>Akumulator pasuje do ka\u017cdej wersji SurRon Light Bee<\/span><\/p>\n<p>&nbsp;<\/p>\n<p><img loading=\"lazy\" decoding=\"async\" src=\"http:\/\/www.raptore-bajk.pl\/wp-content\/uploads\/2024\/06\/Zdjecie-WhatsApp-2025-10-16-o-11.39.10_400e7a8f-1-e1760615592774-300x291.jpg\" alt=\"\" width=\"300\" height=\"291\" class=\"alignleft wp-image-1917 size-medium\" srcset=\"https:\/\/www.raptore-bajk.pl\/wp-content\/uploads\/2024\/06\/Zdjecie-WhatsApp-2025-10-16-o-11.39.10_400e7a8f-1-e1760615592774-300x291.jpg 300w, https:\/\/www.raptore-bajk.pl\/wp-content\/uploads\/2024\/06\/Zdjecie-WhatsApp-2025-10-16-o-11.39.10_400e7a8f-1-e1760615592774-1024x992.jpg 1024w, https:\/\/www.raptore-bajk.pl\/wp-content\/uploads\/2024\/06\/Zdjecie-WhatsApp-2025-10-16-o-11.39.10_400e7a8f-1-e1760615592774-768x744.jpg 768w, https:\/\/www.raptore-bajk.pl\/wp-content\/uploads\/2024\/06\/Zdjecie-WhatsApp-2025-10-16-o-11.39.10_400e7a8f-1-e1760615592774-600x581.jpg 600w, https:\/\/www.raptore-bajk.pl\/wp-content\/uploads\/2024\/06\/Zdjecie-WhatsApp-2025-10-16-o-11.39.10_400e7a8f-1-e1760615592774.jpg 1536w\" sizes=\"auto, (max-width: 300px) 100vw, 300px\" \/><\/p>\n<p>&nbsp;<\/p>\n<p><strong>W zestawie<\/strong><\/p>\n<ul>\n<li>Wi\u0105zka zasilaj\u0105ca qs8<\/li>\n<li>Akumulator 60V 60Ah Samsung cell<\/li>\n<li>Zestaw Monta\u017cowy<\/li>\n<li>Instrukcja Obs\u0142ugi<\/li>\n<\/ul>\n<p><strong>Nie zawiera \u0142adowarki\u00a0<\/strong><\/p>\n<p><strong>Wymiary:<\/strong><\/p>\n<p><span>wysoko\u015b\u0107 36 cm<\/span><\/p>\n<p><span>Na akumulator jest rok gwarancji !!<\/span><\/p>\n<p><strong>Czas oczekiwania od 14- do 30 dni roboczych<\/strong><\/p>\n","protected":false},"excerpt":{"rendered":"<p>Akumulator Li-ion Surron Light w trwa\u0142ej obudowie Custom 60 V 60Ah 3600Wh Current 180A 265A peek moc szczytowa 15kW Akumulator pasuje do seryjnego Surron Lite Bee \\ Segway X260 Bez podnoszenia Klapki Do naszego akumulatora zaprojektowali\u015bmy specjalne \u0142\u0105czniki miedziane o grubo\u015bci 0,3 mm, kt\u00f3re s\u0142u\u017c\u0105 do \u0142\u0105czenia ogniw. S\u0105 one [&hellip;]<\/p>\n","protected":false},"featured_media":1918,"comment_status":"open","ping_status":"closed","template":"","meta":[],"product_brand":[],"product_cat":[29],"product_tag":[],"class_list":{"0":"post-1216","1":"product","2":"type-product","3":"status-publish","4":"has-post-thumbnail","6":"product_cat-modyfikacje-surron-light-bee","8":"first","9":"instock","10":"taxable","11":"shipping-taxable","12":"purchasable","13":"product-type-simple"},"jetpack_sharing_enabled":true,"_links":{"self":[{"href":"https:\/\/www.raptore-bajk.pl\/index.php\/wp-json\/wp\/v2\/product\/1216","targetHints":{"allow":["GET"]}}],"collection":[{"href":"https:\/\/www.raptore-bajk.pl\/index.php\/wp-json\/wp\/v2\/product"}],"about":[{"href":"https:\/\/www.raptore-bajk.pl\/index.php\/wp-json\/wp\/v2\/types\/product"}],"replies":[{"embeddable":true,"href":"https:\/\/www.raptore-bajk.pl\/index.php\/wp-json\/wp\/v2\/comments?post=1216"}],"wp:featuredmedia":[{"embeddable":true,"href":"https:\/\/www.raptore-bajk.pl\/index.php\/wp-json\/wp\/v2\/media\/1918"}],"wp:attachment":[{"href":"https:\/\/www.raptore-bajk.pl\/index.php\/wp-json\/wp\/v2\/media?parent=1216"}],"wp:term":[{"taxonomy":"product_brand","embeddable":true,"href":"https:\/\/www.raptore-bajk.pl\/index.php\/wp-json\/wp\/v2\/product_brand?post=1216"},{"taxonomy":"product_cat","embeddable":true,"href":"https:\/\/www.raptore-bajk.pl\/index.php\/wp-json\/wp\/v2\/product_cat?post=1216"},{"taxonomy":"product_tag","embeddable":true,"href":"https:\/\/www.raptore-bajk.pl\/index.php\/wp-json\/wp\/v2\/product_tag?post=1216"}],"curies":[{"name":"wp","href":"https:\/\/api.w.org\/{rel}","templated":true}]}}