{"id":1170,"date":"2024-04-24T16:19:50","date_gmt":"2024-04-24T14:19:50","guid":{"rendered":"http:\/\/www.raptore-bajk.pl\/?post_type=product&#038;p=1170"},"modified":"2026-03-04T21:14:11","modified_gmt":"2026-03-04T20:14:11","slug":"zestaw-kit-surron-lite-bee-stock-60v-15kw","status":"publish","type":"product","link":"https:\/\/www.raptore-bajk.pl\/index.php\/produkt\/zestaw-kit-surron-lite-bee-stock-60v-15kw\/","title":{"rendered":"Zestaw Kit SurRon Light Bee Stock 60V 15kW+"},"content":{"rendered":"<p><strong>Zestaw kit do Surron Light \u00a0Bee\u00a0 do samodzielnego monta\u017cu<\/strong><\/p>\n<p>Mamy do zaoferowania bardzo ciekawy zestaw modyfikacyjny do surron w kt\u00f3rego sk\u0142ad wchodzi:<\/p>\n<p>Akumulator Firmy<span>\u00a0<\/span><strong>RaptorE-bajk 15kW 60Ah 60V\u00a0 18kW peek<\/strong><\/p>\n<p>Sterownik<span>\u00a0<\/span><strong>Torp TC1000 50kW 48-80V<\/strong><\/p>\n<p><a href=\"https:\/\/drive.google.com\/file\/d\/1vGZe8yLcJHoDohRxzCgdlu7jUVAhuIay\/view?usp=drive_link\"><strong>Instrukcja\u00a0<\/strong><\/a><\/p>\n<p><strong>Dane Techniczne<\/strong><\/p>\n<div class=\"et_pb_column et_pb_column_1_3 et_pb_column_32 et_pb_css_mix_blend_mode_passthrough\">\n<div class=\"et_pb_module et_pb_text et_pb_text_24 et_pb_text_align_left et_pb_bg_layout_light\">\n<div class=\"et_pb_text_inner\">\n<ul>\n<li><span>Sterowanie zorientowane na pole (FOC)<\/span><\/li>\n<li><span>Obs\u0142ugiwane akumulatory: do 80V nominalnie 22S (92,4 V w pe\u0142ni na\u0142adowane)<\/span><\/li>\n<li><span>Maksymalna moc: 50kW*<\/span><\/li>\n<li><span>Sterowanie czujnikowe (enkoder HALL) i bezczujnikowe<\/span><\/li>\n<li><span>Maksymalny pr\u0105d akumulatora: 700 A<\/span><\/li>\n<li><span>Maksymalna faza pr\u0105d: 1000 A*<\/span><\/li>\n<li>Sprawno\u015b\u0107 do 99%<\/li>\n<li>Temperatura pracy: od -15 do 75 C\u00b0<\/li>\n<li>Komunikacja Bluetooth<\/li>\n<li>Wst\u0119pna kalibracja: nie wymaga dodatkowych czynno\u015bci<\/li>\n<li>Zabezpieczenia nadpr\u0105dowe, przepi\u0119ciowe, podnapi\u0119ciowe i przegrzane<\/li>\n<li>Komunikacja z fabrycznym BMS Akumulatora surron jak i lcd<\/li>\n<li>R\u00f3\u017cne tryby hamowania regeneracyjnego i przepustnicy<\/li>\n<li>Waga: 1.1kg<\/li>\n<li>Funkcje: Aplikacja mobilna (IOS i Android), fabryczny wy\u015bwietlacz SurRon<\/li>\n<li>Klasa ochrony: IP67<\/li>\n<li>Regularne aktualizacje oprogramowania uk\u0142adowego<\/li>\n<\/ul>\n<\/div>\n<\/div>\n<\/div>\n<div class=\"et_pb_column et_pb_column_1_3 et_pb_column_34 et_pb_css_mix_blend_mode_passthrough et-last-child\">\n<div class=\"et_pb_module et_pb_text et_pb_text_26 et_pb_text_align_left et_pb_bg_layout_light\">\n<div class=\"et_pb_text_inner\">\n<p><span>Do akumulatora zaprojektowali\u015bmy Odpowiedni\u0105 ta\u015bm\u0119 \u201d \u0142\u0105czniki\u201d niklow\u0105-miedzian\u0105, kt\u00f3ra jest ci\u0119ta technologi\u0105 laserow\u0105, Co wyr\u00f3\u017cnia nasze produkty na rynku z innymi konkurencyjnymi firmami. Nasze \u0142\u0105czniki bardzo dobrze przenosz\u0105 pr\u0105d bez \u017cadnych strat czy nagrzewa ogniw, Za czym idzie zwi\u0119kszenie wydajno\u015bci Akumulatora.<\/span><br \/>\n<span>Akumulator jest wykonany Na najwy\u017cszym poziomie. Z wykorzystaniem Najnowszych technologii i rozwi\u0105za\u0144.<\/span><\/p>\n<\/div>\n<\/div>\n<div class=\"et_pb_module et_pb_text et_pb_text_26 et_pb_text_align_left et_pb_bg_layout_light\">\n<div class=\"et_pb_text_inner\">\n<p><span>Waga akumulatora 16 Kg<\/span><br \/>\n<span>Akumulator pasuje do ka\u017cdej wersji surrona\u00a0 Light Bee bez podnoszenia klapki do stokowej wersji\u00a0<\/span><\/p>\n<p><strong>Zestaw zawiera<\/strong><\/p>\n<ul>\n<li>1x kontroler TC1000<\/li>\n<li>1x plastikowa os\u0142ona<\/li>\n<li>1x wi\u0105zka zasilaj\u0105ca QS8<\/li>\n<li>\u015bruby i narz\u0119dzia potrzebne do instalacji<\/li>\n<li>Akumulator 60V 60Ah 265A<\/li>\n<li>kr\u00f3tka instrukcja<\/li>\n<\/ul>\n<p><strong><em>Mo\u017cliwo\u015b\u0107 monta\u017cu w naszym serwisie po uzgodnieniu\u00a0<\/em><\/strong><\/p>\n<p><strong>Czas oczekiwania na zestaw to 14- 30 dni roboczych<\/strong><\/p>\n<\/div>\n<\/div>\n<\/div>\n","protected":false},"excerpt":{"rendered":"<p><strong>Zestaw kit 15kW w rozmiarze akumulatora Stock surron Light\u00a0<\/strong><\/p>\n<p>Nie wymaga stosowania adapter\u00f3w i podnoszenia klapki<\/p>\n","protected":false},"featured_media":1901,"comment_status":"open","ping_status":"closed","template":"","meta":[],"product_brand":[],"product_cat":[29],"product_tag":[],"class_list":{"0":"post-1170","1":"product","2":"type-product","3":"status-publish","4":"has-post-thumbnail","6":"product_cat-modyfikacje-surron-light-bee","8":"first","9":"onbackorder","10":"taxable","11":"shipping-taxable","12":"purchasable","13":"product-type-simple"},"jetpack_sharing_enabled":true,"_links":{"self":[{"href":"https:\/\/www.raptore-bajk.pl\/index.php\/wp-json\/wp\/v2\/product\/1170","targetHints":{"allow":["GET"]}}],"collection":[{"href":"https:\/\/www.raptore-bajk.pl\/index.php\/wp-json\/wp\/v2\/product"}],"about":[{"href":"https:\/\/www.raptore-bajk.pl\/index.php\/wp-json\/wp\/v2\/types\/product"}],"replies":[{"embeddable":true,"href":"https:\/\/www.raptore-bajk.pl\/index.php\/wp-json\/wp\/v2\/comments?post=1170"}],"wp:featuredmedia":[{"embeddable":true,"href":"https:\/\/www.raptore-bajk.pl\/index.php\/wp-json\/wp\/v2\/media\/1901"}],"wp:attachment":[{"href":"https:\/\/www.raptore-bajk.pl\/index.php\/wp-json\/wp\/v2\/media?parent=1170"}],"wp:term":[{"taxonomy":"product_brand","embeddable":true,"href":"https:\/\/www.raptore-bajk.pl\/index.php\/wp-json\/wp\/v2\/product_brand?post=1170"},{"taxonomy":"product_cat","embeddable":true,"href":"https:\/\/www.raptore-bajk.pl\/index.php\/wp-json\/wp\/v2\/product_cat?post=1170"},{"taxonomy":"product_tag","embeddable":true,"href":"https:\/\/www.raptore-bajk.pl\/index.php\/wp-json\/wp\/v2\/product_tag?post=1170"}],"curies":[{"name":"wp","href":"https:\/\/api.w.org\/{rel}","templated":true}]}}