{"id":1103,"date":"2024-02-22T09:06:29","date_gmt":"2024-02-22T08:06:29","guid":{"rendered":"http:\/\/www.raptore-bajk.pl\/?post_type=product&#038;p=1103"},"modified":"2024-12-09T17:29:58","modified_gmt":"2024-12-09T16:29:58","slug":"qs-motor-138-90h-4000kw","status":"publish","type":"product","link":"https:\/\/www.raptore-bajk.pl\/index.php\/produkt\/qs-motor-138-90h-4000kw\/","title":{"rendered":"Qs Motor 138 90h  4000kW z\u0119batka"},"content":{"rendered":"<p>Silniki Qs Motor to jedne z najlepszych opcji do konwersji pojazd\u00f3w na elektryczne. Charakteryzuj\u0105 si\u0119 wysok\u0105 sprawno\u015bci\u0105 i moc\u0105, co sprawia, \u017ce doskonale sprawdzaj\u0105 si\u0119 zar\u00f3wno w pojazdach dwu- jak i czteroko\u0142owych. Wykorzystali\u015bmy je w kilku konwersjach z bardzo dobrymi rezultatami. Silnik potrafi osi\u0105gn\u0105\u0107 szczytow\u0105 moc do 40KM na kole, przy sprawno\u015bci ponad 80%. Je\u015bli planujesz elektryfikacj\u0119 swojego pojazdu, silnik Qs jest godn\u0105 uwagi opcj\u0105.<\/p>\n<p><strong>A oto jeden pojazd kt\u00f3ry powsta\u0142 na tym silniku z\u00a0 <a href=\"https:\/\/www.youtube.com\/watch?v=i671nEpwisc\">Link\u00a0<\/a><\/strong><\/p>\n<p><a href=\"http:\/\/www.raptore-bajk.pl\/index.php\/produkt\/sterowniki-accelerated-systems-inc-bac\/\">Sterownik jaki zalecamy to ASI BAC 8000<\/a><\/p>\n<p>Dane techniczne\u00a0 producenta:<\/p>\n<div class=\"specification--prop--RejitI8\">\n<p><img loading=\"lazy\" decoding=\"async\" src=\"http:\/\/www.raptore-bajk.pl\/wp-content\/uploads\/2024\/02\/de05cb9c469490e143fecec89251.jpeg\" alt=\"\" width=\"1000\" height=\"994\" class=\"alignnone wp-image-1104 size-full\" srcset=\"https:\/\/www.raptore-bajk.pl\/wp-content\/uploads\/2024\/02\/de05cb9c469490e143fecec89251.jpeg 1000w, https:\/\/www.raptore-bajk.pl\/wp-content\/uploads\/2024\/02\/de05cb9c469490e143fecec89251-300x298.jpeg 300w, https:\/\/www.raptore-bajk.pl\/wp-content\/uploads\/2024\/02\/de05cb9c469490e143fecec89251-150x150.jpeg 150w, https:\/\/www.raptore-bajk.pl\/wp-content\/uploads\/2024\/02\/de05cb9c469490e143fecec89251-768x763.jpeg 768w, https:\/\/www.raptore-bajk.pl\/wp-content\/uploads\/2024\/02\/de05cb9c469490e143fecec89251-600x596.jpeg 600w, https:\/\/www.raptore-bajk.pl\/wp-content\/uploads\/2024\/02\/de05cb9c469490e143fecec89251-160x160.jpeg 160w\" sizes=\"auto, (max-width: 1000px) 100vw, 1000px\" \/><\/p>\n<p>&nbsp;<\/p>\n<\/div>\n","protected":false},"excerpt":{"rendered":"<p>Silniki Qs Motor to jedne z najlepszych opcji do konwersji pojazd\u00f3w na elektryczne. Charakteryzuj\u0105 si\u0119 wysok\u0105 sprawno\u015bci\u0105 i moc\u0105, co sprawia, \u017ce doskonale sprawdzaj\u0105 si\u0119 zar\u00f3wno w pojazdach dwu- jak i czteroko\u0142owych. Wykorzystali\u015bmy je w kilku konwersjach z bardzo dobrymi rezultatami. Silnik potrafi osi\u0105gn\u0105\u0107 szczytow\u0105 moc do 40KM na kole, [&hellip;]<\/p>\n","protected":false},"featured_media":1105,"comment_status":"open","ping_status":"closed","template":"","meta":[],"product_brand":[],"product_cat":[24],"product_tag":[],"class_list":{"0":"post-1103","1":"product","2":"type-product","3":"status-publish","4":"has-post-thumbnail","6":"product_cat-silniki","8":"first","9":"onbackorder","10":"taxable","11":"shipping-taxable","12":"purchasable","13":"product-type-simple"},"jetpack_sharing_enabled":true,"_links":{"self":[{"href":"https:\/\/www.raptore-bajk.pl\/index.php\/wp-json\/wp\/v2\/product\/1103","targetHints":{"allow":["GET"]}}],"collection":[{"href":"https:\/\/www.raptore-bajk.pl\/index.php\/wp-json\/wp\/v2\/product"}],"about":[{"href":"https:\/\/www.raptore-bajk.pl\/index.php\/wp-json\/wp\/v2\/types\/product"}],"replies":[{"embeddable":true,"href":"https:\/\/www.raptore-bajk.pl\/index.php\/wp-json\/wp\/v2\/comments?post=1103"}],"wp:featuredmedia":[{"embeddable":true,"href":"https:\/\/www.raptore-bajk.pl\/index.php\/wp-json\/wp\/v2\/media\/1105"}],"wp:attachment":[{"href":"https:\/\/www.raptore-bajk.pl\/index.php\/wp-json\/wp\/v2\/media?parent=1103"}],"wp:term":[{"taxonomy":"product_brand","embeddable":true,"href":"https:\/\/www.raptore-bajk.pl\/index.php\/wp-json\/wp\/v2\/product_brand?post=1103"},{"taxonomy":"product_cat","embeddable":true,"href":"https:\/\/www.raptore-bajk.pl\/index.php\/wp-json\/wp\/v2\/product_cat?post=1103"},{"taxonomy":"product_tag","embeddable":true,"href":"https:\/\/www.raptore-bajk.pl\/index.php\/wp-json\/wp\/v2\/product_tag?post=1103"}],"curies":[{"name":"wp","href":"https:\/\/api.w.org\/{rel}","templated":true}]}}