{"id":1073,"date":"2024-02-13T16:11:25","date_gmt":"2024-02-13T15:11:25","guid":{"rendered":"http:\/\/www.raptore-bajk.pl\/?post_type=product&#038;p=1073"},"modified":"2026-04-29T18:16:27","modified_gmt":"2026-04-29T16:16:27","slug":"cyc-motor-x1-pro-gen-4-naped-elektryczny-do-roweru-bb92-ds103-38t-nowosc","status":"publish","type":"product","link":"https:\/\/www.raptore-bajk.pl\/index.php\/produkt\/cyc-motor-x1-pro-gen-4-naped-elektryczny-do-roweru-bb92-ds103-38t-nowosc\/","title":{"rendered":"CYC Motor X1 Pro Gen.4 \u2013 Nap\u0119d elektryczny do roweru (BB92, DS103, 38T). Nowo\u015b\u0107!"},"content":{"rendered":"<p>Zestaw CYC Motor X1 Pro Gen.4 oparty na systemie VESC (Vedder Electronic Speed Controller) to kompleksowe rozwi\u0105zanie do przekszta\u0142cenia standardowego roweru w innowacyjny rower elektryczny. Ten zaawansowany silnik czwartej generacji wsp\u00f3\u0142pracuje z VESC, zapewniaj\u0105c precyzyjn\u0105 kontrol\u0119 pr\u0119dko\u015bci i wydajno\u015bci. Zestaw obejmuje nie tylko wysokowydajny silnik, ale tak\u017ce bateri\u0119 litow\u0105, zaawansowany kontroler VESC, oraz kompletny zestaw akcesori\u00f3w do \u0142atwej instalacji. Dzi\u0119ki temu u\u017cytkownik do\u015bwiadczy nie tylko przyjemno\u015bci jazdy na rowerze, ale tak\u017ce korzy\u015bci z dodatkowej mocy i zasi\u0119gu, jakie oferuje nowoczesna technologia elektryczna. Odkryj nowe mo\u017cliwo\u015bci z Zestawem CYC Motor X1 Pro Gen.4 na\u00a0systemie\u00a0VESC!<\/p>\n<p><span>Zestaw CYC Motor X1 Pro Gen.4 do konwersji roweru w rower elektryczny. Nowo\u015b\u0107 na 2024. Zestaw kompatybilny z suportami wciskanymi pressfit BB92<\/span><\/p>\n<h2 style=\"text-align: center;\"><strong>PREORDER i PROMOCJA!<br \/>\nDostawa: prze\u0142om stycznia\/lutego 2024.<\/strong><\/h2>\n<p style=\"text-align: center;\"><strong>W przypadku ch\u0119ci zakupu w pierwszej dostawie, prosimy o kontakt w celu podania \u017c\u0105danej konfiguracji i rezerwacj\u0119.<\/strong><\/p>\n<p><img loading=\"lazy\" decoding=\"async\" src=\"http:\/\/www.raptore-bajk.pl\/wp-content\/uploads\/2024\/02\/CYC-Motor-X1-Pro.png\" alt=\"\" width=\"765\" height=\"482\" class=\"aligncenter size-full wp-image-1074\" srcset=\"https:\/\/www.raptore-bajk.pl\/wp-content\/uploads\/2024\/02\/CYC-Motor-X1-Pro.png 765w, https:\/\/www.raptore-bajk.pl\/wp-content\/uploads\/2024\/02\/CYC-Motor-X1-Pro-300x189.png 300w, https:\/\/www.raptore-bajk.pl\/wp-content\/uploads\/2024\/02\/CYC-Motor-X1-Pro-600x378.png 600w\" sizes=\"auto, (max-width: 765px) 100vw, 765px\" \/><\/p>\n<h3>Konfiguracja zestawu:<\/h3>\n<ul>\n<li>Suport: BB92 pressfit o szeroko\u015bci 92 mm<\/li>\n<li>Z\u0119batka nap\u0119dowa: 38 z\u0119b\u00f3w (38T)<\/li>\n<li>Wy\u015bwietlacz: DS103 (max. 72 V)<\/li>\n<li>D\u0142ugo\u015b\u0107 korb: 175 mm (lub przed zakupem zapytaj o mo\u017cliwo\u015b\u0107 zmiany na 165 mm)<\/li>\n<li>Manetka kciukowa (inne manetki, np. po\u0142\u00f3wkowa dost\u0119pne tylko na zam\u00f3wienie)<\/li>\n<\/ul>\n<p><em><strong>Wszystkie nap\u0119dy cyc motor maj\u0105 2l gwarancji wy\u0142\u0105cznie z akumulatorem cyc motor lub akumulatorem RaptorE-bajk. <\/strong><strong>W innym przypadku gwarancja obowi\u0105zuje 1rok<\/strong><\/em><\/p>\n","protected":false},"excerpt":{"rendered":"<p>Zestaw CYC Motor X1 Pro Gen.4 oparty na systemie VESC (Vedder Electronic Speed Controller) to kompleksowe rozwi\u0105zanie do przekszta\u0142cenia standardowego roweru w innowacyjny rower elektryczny. Ten zaawansowany silnik czwartej generacji wsp\u00f3\u0142pracuje z VESC, zapewniaj\u0105c precyzyjn\u0105 kontrol\u0119 pr\u0119dko\u015bci i wydajno\u015bci. Zestaw obejmuje nie tylko wysokowydajny silnik, ale tak\u017ce bateri\u0119 litow\u0105, zaawansowany [&hellip;]<\/p>\n","protected":false},"featured_media":1075,"comment_status":"open","ping_status":"closed","template":"","meta":[],"product_brand":[],"product_cat":[30],"product_tag":[],"class_list":{"0":"post-1073","1":"product","2":"type-product","3":"status-publish","4":"has-post-thumbnail","6":"product_cat-cyc-motor","8":"first","9":"onbackorder","10":"sale","11":"taxable","12":"shipping-taxable","13":"purchasable","14":"product-type-simple"},"jetpack_sharing_enabled":true,"_links":{"self":[{"href":"https:\/\/www.raptore-bajk.pl\/index.php\/wp-json\/wp\/v2\/product\/1073","targetHints":{"allow":["GET"]}}],"collection":[{"href":"https:\/\/www.raptore-bajk.pl\/index.php\/wp-json\/wp\/v2\/product"}],"about":[{"href":"https:\/\/www.raptore-bajk.pl\/index.php\/wp-json\/wp\/v2\/types\/product"}],"replies":[{"embeddable":true,"href":"https:\/\/www.raptore-bajk.pl\/index.php\/wp-json\/wp\/v2\/comments?post=1073"}],"wp:featuredmedia":[{"embeddable":true,"href":"https:\/\/www.raptore-bajk.pl\/index.php\/wp-json\/wp\/v2\/media\/1075"}],"wp:attachment":[{"href":"https:\/\/www.raptore-bajk.pl\/index.php\/wp-json\/wp\/v2\/media?parent=1073"}],"wp:term":[{"taxonomy":"product_brand","embeddable":true,"href":"https:\/\/www.raptore-bajk.pl\/index.php\/wp-json\/wp\/v2\/product_brand?post=1073"},{"taxonomy":"product_cat","embeddable":true,"href":"https:\/\/www.raptore-bajk.pl\/index.php\/wp-json\/wp\/v2\/product_cat?post=1073"},{"taxonomy":"product_tag","embeddable":true,"href":"https:\/\/www.raptore-bajk.pl\/index.php\/wp-json\/wp\/v2\/product_tag?post=1073"}],"curies":[{"name":"wp","href":"https:\/\/api.w.org\/{rel}","templated":true}]}}