{"id":1067,"date":"2024-02-13T15:35:51","date_gmt":"2024-02-13T14:35:51","guid":{"rendered":"http:\/\/www.raptore-bajk.pl\/?post_type=product&#038;p=1067"},"modified":"2026-03-20T10:36:35","modified_gmt":"2026-03-20T09:36:35","slug":"cyc-motor-x1-stealth-gen-3-centralny-naped-elektryczny-do-roweru-bsa-68-83-ds103-32t","status":"publish","type":"product","link":"https:\/\/www.raptore-bajk.pl\/index.php\/produkt\/cyc-motor-x1-stealth-gen-3-centralny-naped-elektryczny-do-roweru-bsa-68-83-ds103-32t\/","title":{"rendered":"CYC Motor X1 Stealth Gen.3 \u2013 Centralny nap\u0119d elektryczny do roweru (BSA 68-83, DS103, 32T)"},"content":{"rendered":"<p><strong>Nap\u0119d centralny Middrive CYC Motor Stealth X1<\/strong><span>\u00a0o mocy 1500W to zaawansowane rozwi\u0105zanie dla entuzjast\u00f3w rower\u00f3w, pragn\u0105cych maksymalnej wydajno\u015bci. Umieszczenie silnika w centralnej cz\u0119\u015bci ramy zapewnia r\u00f3wnomierny rozk\u0142ad mocy i dynamiczn\u0105 reakcj\u0119 na peda\u0142owanie. Z imponuj\u0105c\u0105 moc\u0105 1500W, X1 gwarantuje szybkie przyspieszenie i \u0142atwe pokonywanie trudniejszych tras, bez utraty naturalnego uczucia jazdy. Ten model \u0142\u0105czy w sobie skuteczno\u015b\u0107 z eleganckim designem, dostarczaj\u0105c niezapomnianych wra\u017ce\u0144 podczas elektryfikowanej jazdy rowerem. Stealth X1 1500W to idealne rozwi\u0105zanie dla rowerzyst\u00f3w poszukuj\u0105cych zaawansowanej technologii i intensywnego do\u015bwiadczenia podczas\u00a0ka\u017cdej\u00a0trasy.<\/span><\/p>\n<h3>Konfiguracja zestawu:<\/h3>\n<ul>\n<li>Suport: BSA o szeroko\u015bci 68 \u2013 83 mm<\/li>\n<li>Z\u0119batka nap\u0119dowa: 32 z\u0119by (32T)<\/li>\n<li>Wy\u015bwietlacz: DS103<\/li>\n<li>D\u0142ugo\u015b\u0107 korb: 165 mm (lub przed zakupem zapytaj o mo\u017cliwo\u015b\u0107 zmiany na 175 mm)<\/li>\n<li>Manetka kciukowa (inne manetki, np. po\u0142\u00f3wkowa dost\u0119pne tylko na zam\u00f3wienie)<\/li>\n<\/ul>\n<h2>Co jest w zestawach do wybory<\/h2>\n<p>Opr\u00f3cz baterii, nie potrzebujesz nic wi\u0119cej, by przerobi\u0107 sw\u00f3j rower w rower elektryczny.<\/p>\n<ul>\n<li>Modu\u0142 silnika z przek\u0142adni\u0105 i praw\u0105 cz\u0119\u015bci\u0105 suportu oraz wbudowanym czujnikiem nacisku i temperatury<\/li>\n<li>Lewa cz\u0119\u015b\u0107 suportu (3 rodzaje zale\u017cne od suportu roweru: BSA 68-83, BSA 100 mm = BB92, BSA 120 mm); w przypadku kompatybilno\u015bci z suportem typu pressfit BB92 dodatkowym elementem jest adapter \u201eBB92 to BSA\u201d<\/li>\n<li>O\u015b suportu (wielowypust ISIS) z kompletem podk\u0142adek w tym o-ring blokuj\u0105cy (j.w. \u2013 3 rodzaje ze wzgl\u0119du na d\u0142ugo\u015b\u0107)<\/li>\n<li>Z\u0119batka nap\u0119dowa roweru (4 wielko\u015bci do wyboru: 34T, 38T, 42T, 50T)<\/li>\n<li>Korby lewa i prawa (dwie d\u0142ugo\u015bci do wyboru: 175 mm, 165 mm) ze \u015brubami do osi<\/li>\n<li>Wi\u0105zka kabli z silnika do podprowadzenia w okolic\u0119 kierownicy<\/li>\n<li>Wy\u015bwietlacz z prze\u0142\u0105cznikami steruj\u0105cymi (2 typy do wyboru: SW102, DS103)<\/li>\n<li>Manetka gazu (3 typy do wyboru: kciukowa, po\u0142\u00f3wkowa, pe\u0142na)<\/li>\n<li>Czujnik pr\u0119dko\u015bci z wbudowanym modu\u0142em bluetooth do \u0142\u0105czno\u015bci z aplikacj\u0105 mobiln\u0105<\/li>\n<li>Magnes na ko\u0142o do czujnika pr\u0119dko\u015bci<\/li>\n<\/ul>\n<p>&nbsp;<\/p>\n<p><em><strong>Wszystkie nap\u0119dy cyc motor maj\u0105 2 Lata gwarancji wy\u0142\u0105cznie z akumulatorem cyc motor lub akumulatorem RaptorE-bajk. <\/strong><strong>W innym przypadku gwarancja obowi\u0105zuje 1 rok.<\/strong><\/em><\/p>\n","protected":false},"excerpt":{"rendered":"<p>Nap\u0119d centralny Middrive CYC Motor Stealth X1\u00a0o mocy 1500W to zaawansowane rozwi\u0105zanie dla entuzjast\u00f3w rower\u00f3w, pragn\u0105cych maksymalnej wydajno\u015bci. Umieszczenie silnika w centralnej cz\u0119\u015bci ramy zapewnia r\u00f3wnomierny rozk\u0142ad mocy i dynamiczn\u0105 reakcj\u0119 na peda\u0142owanie. Z imponuj\u0105c\u0105 moc\u0105 1500W, X1 gwarantuje szybkie przyspieszenie i \u0142atwe pokonywanie trudniejszych tras, bez utraty naturalnego uczucia [&hellip;]<\/p>\n","protected":false},"featured_media":1068,"comment_status":"open","ping_status":"closed","template":"","meta":[],"product_brand":[],"product_cat":[30],"product_tag":[],"class_list":{"0":"post-1067","1":"product","2":"type-product","3":"status-publish","4":"has-post-thumbnail","6":"product_cat-cyc-motor","8":"first","9":"outofstock","10":"taxable","11":"shipping-taxable","12":"purchasable","13":"product-type-simple"},"jetpack_sharing_enabled":true,"_links":{"self":[{"href":"https:\/\/www.raptore-bajk.pl\/index.php\/wp-json\/wp\/v2\/product\/1067","targetHints":{"allow":["GET"]}}],"collection":[{"href":"https:\/\/www.raptore-bajk.pl\/index.php\/wp-json\/wp\/v2\/product"}],"about":[{"href":"https:\/\/www.raptore-bajk.pl\/index.php\/wp-json\/wp\/v2\/types\/product"}],"replies":[{"embeddable":true,"href":"https:\/\/www.raptore-bajk.pl\/index.php\/wp-json\/wp\/v2\/comments?post=1067"}],"wp:featuredmedia":[{"embeddable":true,"href":"https:\/\/www.raptore-bajk.pl\/index.php\/wp-json\/wp\/v2\/media\/1068"}],"wp:attachment":[{"href":"https:\/\/www.raptore-bajk.pl\/index.php\/wp-json\/wp\/v2\/media?parent=1067"}],"wp:term":[{"taxonomy":"product_brand","embeddable":true,"href":"https:\/\/www.raptore-bajk.pl\/index.php\/wp-json\/wp\/v2\/product_brand?post=1067"},{"taxonomy":"product_cat","embeddable":true,"href":"https:\/\/www.raptore-bajk.pl\/index.php\/wp-json\/wp\/v2\/product_cat?post=1067"},{"taxonomy":"product_tag","embeddable":true,"href":"https:\/\/www.raptore-bajk.pl\/index.php\/wp-json\/wp\/v2\/product_tag?post=1067"}],"curies":[{"name":"wp","href":"https:\/\/api.w.org\/{rel}","templated":true}]}}