{"id":1022,"date":"2024-02-02T22:13:19","date_gmt":"2024-02-02T21:13:19","guid":{"rendered":"http:\/\/www.raptore-bajk.pl\/?post_type=product&#038;p=1022"},"modified":"2026-03-23T11:32:50","modified_gmt":"2026-03-23T10:32:50","slug":"cyc-motor-photon-centralny-naped-elektryczny-do-roweru-bsa-68-83-34t-ds103","status":"publish","type":"product","link":"https:\/\/www.raptore-bajk.pl\/index.php\/produkt\/cyc-motor-photon-centralny-naped-elektryczny-do-roweru-bsa-68-83-34t-ds103\/","title":{"rendered":"CYC Motor Photon \u2013 Centralny nap\u0119d elektryczny do roweru (BSA 68-83, 34T, DS103)"},"content":{"rendered":"<p><strong>Nap\u0119d centralny Middrive CYC Motor Photon<\/strong> to zaawansowany system do elektryfikacji roweru. Oferuje wydajno\u015b\u0107 i r\u00f3wnomierny rozk\u0142ad mocy dzi\u0119ki umieszczeniu silnika w centralnej cz\u0119\u015bci ramy. Photon zapewnia mocne wsparcie podczas jazdy, a jednocze\u015bnie zachowuje naturalne uczucie peda\u0142owania. Dzi\u0119ki tej technologii, rower zyskuje zdolno\u015b\u0107 do pokonywania r\u00f3\u017cnorodnych teren\u00f3w z \u0142atwo\u015bci\u0105. To idealne rozwi\u0105zanie dla mi\u0142o\u015bnik\u00f3w rower\u00f3w, kt\u00f3rzy szukaj\u0105 nowoczesnej elektryfikacji przy minimalnym wp\u0142ywie na\u00a0komfort\u00a0jazdy.<\/p>\n<p>Zestaw CYC Motor Photon do konwersji roweru w rower elektryczny. Kompatybilny z suportami wkr\u0119canymi BSA o szeroko\u015bci mufy od 68 do 83 mm.<\/p>\n<h3>Cechy i opis<\/h3>\n<p>Film Instrukta\u017cowy\u00a0 (otworzy si\u0119 w nowej karcie przegl\u0105darki):<span>\u00a0<\/span><a href=\"https:\/\/youtu.be\/d_MPhbGJtQU\" target=\"_blank\" rel=\"noopener\">kliknij tutaj<\/a><\/p>\n<p><img loading=\"lazy\" decoding=\"async\" src=\"http:\/\/www.raptore-bajk.pl\/wp-content\/uploads\/2024\/02\/Phfoton-ds103-ssaaaa-300x169.png\" alt=\"\" width=\"300\" height=\"169\" class=\"alignnone size-medium wp-image-1027\" srcset=\"https:\/\/www.raptore-bajk.pl\/wp-content\/uploads\/2024\/02\/Phfoton-ds103-ssaaaa-300x169.png 300w, https:\/\/www.raptore-bajk.pl\/wp-content\/uploads\/2024\/02\/Phfoton-ds103-ssaaaa-1024x576.png 1024w, https:\/\/www.raptore-bajk.pl\/wp-content\/uploads\/2024\/02\/Phfoton-ds103-ssaaaa-768x432.png 768w, https:\/\/www.raptore-bajk.pl\/wp-content\/uploads\/2024\/02\/Phfoton-ds103-ssaaaa-600x337.png 600w, https:\/\/www.raptore-bajk.pl\/wp-content\/uploads\/2024\/02\/Phfoton-ds103-ssaaaa.png 1366w\" sizes=\"auto, (max-width: 300px) 100vw, 300px\" \/><\/p>\n<h3>Konfiguracja tego zestawu:<\/h3>\n<ul>\n<li>Suport: BSA o szeroko\u015bci 68 \u2013 83 mm<\/li>\n<li>Z\u0119batka nap\u0119dowa: 34 z\u0119by (34T)<\/li>\n<li>Wy\u015bwietlacz: DS103<\/li>\n<li>D\u0142ugo\u015b\u0107 korb: 175 mm (lub przed zakupem zapytaj o mo\u017cliwo\u015b\u0107 zmiany na 165 mm)<\/li>\n<li>Manetka kciukowa (inne manetki, np. po\u0142\u00f3wkowa dost\u0119pne tylko na zam\u00f3wienie)<\/li>\n<\/ul>\n<h2>Co jest w zestawach do wybory<\/h2>\n<p>Opr\u00f3cz baterii, nie potrzebujesz nic wi\u0119cej, by przerobi\u0107 sw\u00f3j rower w rower elektryczny.<\/p>\n<ul>\n<li>Modu\u0142 silnika z przek\u0142adni\u0105 i praw\u0105 cz\u0119\u015bci\u0105 suportu oraz wbudowanym czujnikiem nacisku i temperatury<\/li>\n<li>Lewa cz\u0119\u015b\u0107 suportu (3 rodzaje zale\u017cne od suportu roweru: BSA 68-83, BSA 100 mm = BB92, BSA 120 mm); w przypadku kompatybilno\u015bci z suportem typu pressfit BB92 dodatkowym elementem jest adapter \u201eBB92 to BSA\u201d<\/li>\n<li>O\u015b suportu (wielowypust ISIS) z kompletem podk\u0142adek w tym o-ring blokuj\u0105cy (j.w. \u2013 3 rodzaje ze wzgl\u0119du na d\u0142ugo\u015b\u0107)<\/li>\n<li>Z\u0119batka nap\u0119dowa roweru (4 wielko\u015bci do wyboru: 34T, 38T, 42T, 50T)<\/li>\n<li>Korby lewa i prawa (dwie d\u0142ugo\u015bci do wyboru: 175 mm, 165 mm) ze \u015brubami do osi<\/li>\n<li>Wi\u0105zka kabli z silnika do podprowadzenia w okolic\u0119 kierownicy<\/li>\n<li>Wy\u015bwietlacz z prze\u0142\u0105cznikami steruj\u0105cymi (2 typy do wyboru: SW102, DS103)<\/li>\n<li>Manetka gazu (3 typy do wyboru: kciukowa, po\u0142\u00f3wkowa, pe\u0142na)<\/li>\n<li>Czujnik pr\u0119dko\u015bci z wbudowanym modu\u0142em bluetooth do \u0142\u0105czno\u015bci z aplikacj\u0105 mobiln\u0105<\/li>\n<li>Magnes na ko\u0142o do czujnika pr\u0119dko\u015bci<\/li>\n<\/ul>\n<p><em>Innych konfiguracji szukaj w osobno prezentowanych zestawach<\/em><\/p>\n<p>&nbsp;<\/p>\n<p><em><strong>Wszystkie nap\u0119dy cyc motor maj\u0105 2l gwarancji wy\u0142\u0105cznie z akumulatorem cyc motor lub akumulatorem RaptorE-bajk. <\/strong><strong>W innym przypadku gwarancja obowi\u0105zuje 1rok<\/strong><\/em><\/p>\n","protected":false},"excerpt":{"rendered":"<p>Nap\u0119d centralny Middrive CYC Motor Photon to zaawansowany system do elektryfikacji roweru. Oferuje wydajno\u015b\u0107 i r\u00f3wnomierny rozk\u0142ad mocy dzi\u0119ki umieszczeniu silnika w centralnej cz\u0119\u015bci ramy. Photon zapewnia mocne wsparcie podczas jazdy, a jednocze\u015bnie zachowuje naturalne uczucie peda\u0142owania. Dzi\u0119ki tej technologii, rower zyskuje zdolno\u015b\u0107 do pokonywania r\u00f3\u017cnorodnych teren\u00f3w z \u0142atwo\u015bci\u0105. To [&hellip;]<\/p>\n","protected":false},"featured_media":2183,"comment_status":"open","ping_status":"closed","template":"","meta":[],"product_brand":[],"product_cat":[30],"product_tag":[],"class_list":{"0":"post-1022","1":"product","2":"type-product","3":"status-publish","4":"has-post-thumbnail","6":"product_cat-cyc-motor","8":"first","9":"instock","10":"taxable","11":"shipping-taxable","12":"purchasable","13":"product-type-simple"},"jetpack_sharing_enabled":true,"_links":{"self":[{"href":"https:\/\/www.raptore-bajk.pl\/index.php\/wp-json\/wp\/v2\/product\/1022","targetHints":{"allow":["GET"]}}],"collection":[{"href":"https:\/\/www.raptore-bajk.pl\/index.php\/wp-json\/wp\/v2\/product"}],"about":[{"href":"https:\/\/www.raptore-bajk.pl\/index.php\/wp-json\/wp\/v2\/types\/product"}],"replies":[{"embeddable":true,"href":"https:\/\/www.raptore-bajk.pl\/index.php\/wp-json\/wp\/v2\/comments?post=1022"}],"wp:featuredmedia":[{"embeddable":true,"href":"https:\/\/www.raptore-bajk.pl\/index.php\/wp-json\/wp\/v2\/media\/2183"}],"wp:attachment":[{"href":"https:\/\/www.raptore-bajk.pl\/index.php\/wp-json\/wp\/v2\/media?parent=1022"}],"wp:term":[{"taxonomy":"product_brand","embeddable":true,"href":"https:\/\/www.raptore-bajk.pl\/index.php\/wp-json\/wp\/v2\/product_brand?post=1022"},{"taxonomy":"product_cat","embeddable":true,"href":"https:\/\/www.raptore-bajk.pl\/index.php\/wp-json\/wp\/v2\/product_cat?post=1022"},{"taxonomy":"product_tag","embeddable":true,"href":"https:\/\/www.raptore-bajk.pl\/index.php\/wp-json\/wp\/v2\/product_tag?post=1022"}],"curies":[{"name":"wp","href":"https:\/\/api.w.org\/{rel}","templated":true}]}}