{"id":1003,"date":"2024-01-03T12:32:34","date_gmt":"2024-01-03T11:32:34","guid":{"rendered":"http:\/\/www.raptore-bajk.pl\/?post_type=product&#038;p=1003"},"modified":"2026-03-20T11:54:05","modified_gmt":"2026-03-20T10:54:05","slug":"akumulator-surron-ultra-bee-72v-85ah-27kw","status":"publish","type":"product","link":"https:\/\/www.raptore-bajk.pl\/index.php\/produkt\/akumulator-surron-ultra-bee-72v-85ah-27kw\/","title":{"rendered":"Akumulator Surron Ultra Bee 72V 85Ah 27kW"},"content":{"rendered":"<p><em><strong>Akumulator Li-ion Surron High Performance 72V 85Ah<\/strong><\/em> \u2013 Trwa\u0142o\u015b\u0107 i Moc w Kompaktowej Formie<\/p>\n<p>Zwi\u0119ksz mo\u017cliwo\u015bci swojego Surrona Ultra Bee dzi\u0119ki akumulatorowi Li-ion High Performance 72V 85Ah. Zapewnia 5900 Wh energii, pr\u0105d ci\u0105g\u0142y 256A i szczytowy 375A, co gwarantuje stabiln\u0105 i wydajn\u0105 prac\u0119 w ka\u017cdych warunkach. Dzi\u0119ki trwa\u0142ej obudowie Custom oraz najnowocze\u015bniejszym technologiom, ten akumulator to idealne po\u0142\u0105czenie wytrzyma\u0142o\u015bci i mocy.<\/p>\n<p><strong>Nowoczesna Technologia dla Najlepszej Wydajno\u015bci<\/strong><\/p>\n<ul>\n<li>\u0141\u0105czniki z czystej miedzi (0,3 mm) \u2013 laserowe ci\u0119cie zapewnia maksymaln\u0105 przewodno\u015b\u0107.<\/li>\n<li>\u00a0Brak przegrzewania ogniw \u2013 optymalny przep\u0142yw pr\u0105du bez strat energii.<\/li>\n<li>\u00a0Najwy\u017csza jako\u015b\u0107 wykonania \u2013 solidna konstrukcja i odporna obudowa.<strong>\u00a0 <\/strong><\/li>\n<\/ul>\n<p><strong>Plug&amp;Play i Kompatybilno\u015b\u0107<\/strong><\/p>\n<ul>\n<li>Pasuje do wszystkich wersji Surrona Ultra Bee<\/li>\n<li>Oryginalne z\u0142\u0105cze zasilaj\u0105ce \u2013 pe\u0142na kompatybilno\u015b\u0107 w systemie Plug&amp;Play.<\/li>\n<li>Obs\u0142uguje sterowniki:<\/li>\n<li><strong>Oryginalny sterownik Surron<\/strong><\/li>\n<li>Dzia\u0142a z seryjn\u0105 \u0142adowark\u0105<\/li>\n<\/ul>\n<p><strong>Customowe sterowniki Torp TC 1000, EBMX, ASI i inne<\/strong><\/p>\n<p><strong>Specyfikacja:<\/strong><\/p>\n<ul>\n<li>Napi\u0119cie: 72V<\/li>\n<li>Pojemno\u015b\u0107: 85Ah<\/li>\n<li>Energia: 5900Wh<\/li>\n<li>Pr\u0105d ci\u0105g\u0142y: 256A<\/li>\n<li>Pr\u0105d szczytowy: 375A<\/li>\n<li>Waga: 26 kg<\/li>\n<\/ul>\n<p><strong>Zawarto\u015b\u0107 Zestawu:<\/strong><\/p>\n<ul>\n<li>Akumulator 72V 85Ah<\/li>\n<li>Elementy monta\u017cowe<\/li>\n<li>Karta gwarancyjna<\/li>\n<\/ul>\n<p>Czas Realizacji:\u00a0Do 30 dni<\/p>\n<p>Lekki, mocny i niezawodny \u2013 postaw na akumulator, kt\u00f3ry zapewni Ci maksymaln\u0105\u00a0wydajno\u015b\u0107!<\/p>\n","protected":false},"excerpt":{"rendered":"<p><span>Akumulator Li-ion Surron Custom<\/span><br \/>\n<span>72 V 85Ah\u00a0<\/span><\/p>\n","protected":false},"featured_media":1414,"comment_status":"open","ping_status":"closed","template":"","meta":[],"product_brand":[],"product_cat":[32],"product_tag":[],"class_list":{"0":"post-1003","1":"product","2":"type-product","3":"status-publish","4":"has-post-thumbnail","6":"product_cat-modyfikacje-surron-ultra-bee","8":"first","9":"onbackorder","10":"taxable","11":"shipping-taxable","12":"purchasable","13":"product-type-simple"},"jetpack_sharing_enabled":true,"_links":{"self":[{"href":"https:\/\/www.raptore-bajk.pl\/index.php\/wp-json\/wp\/v2\/product\/1003","targetHints":{"allow":["GET"]}}],"collection":[{"href":"https:\/\/www.raptore-bajk.pl\/index.php\/wp-json\/wp\/v2\/product"}],"about":[{"href":"https:\/\/www.raptore-bajk.pl\/index.php\/wp-json\/wp\/v2\/types\/product"}],"replies":[{"embeddable":true,"href":"https:\/\/www.raptore-bajk.pl\/index.php\/wp-json\/wp\/v2\/comments?post=1003"}],"wp:featuredmedia":[{"embeddable":true,"href":"https:\/\/www.raptore-bajk.pl\/index.php\/wp-json\/wp\/v2\/media\/1414"}],"wp:attachment":[{"href":"https:\/\/www.raptore-bajk.pl\/index.php\/wp-json\/wp\/v2\/media?parent=1003"}],"wp:term":[{"taxonomy":"product_brand","embeddable":true,"href":"https:\/\/www.raptore-bajk.pl\/index.php\/wp-json\/wp\/v2\/product_brand?post=1003"},{"taxonomy":"product_cat","embeddable":true,"href":"https:\/\/www.raptore-bajk.pl\/index.php\/wp-json\/wp\/v2\/product_cat?post=1003"},{"taxonomy":"product_tag","embeddable":true,"href":"https:\/\/www.raptore-bajk.pl\/index.php\/wp-json\/wp\/v2\/product_tag?post=1003"}],"curies":[{"name":"wp","href":"https:\/\/api.w.org\/{rel}","templated":true}]}}