{"id":9,"date":"2021-09-16T18:29:36","date_gmt":"2021-09-16T18:29:36","guid":{"rendered":"http:\/\/www.raptore-bajk.pl\/?page_id=9"},"modified":"2024-02-12T21:00:24","modified_gmt":"2024-02-12T20:00:24","slug":"informacje","status":"publish","type":"page","link":"https:\/\/www.raptore-bajk.pl\/index.php\/informacje\/","title":{"rendered":"Informacje"},"content":{"rendered":"\n<p><strong>Kim jeste\u015bmy?<\/strong><\/p>\n\n\n\n<p><\/p>\n\n\n\n<p>Marka RaptorE-bajk wyr\u00f3\u017cnia si\u0119 jako lider w dziedzinie elektrycznych pojazd\u00f3w. Zdecydowanie stawia na innowacje, korzystaj\u0105c z najnowszych technologii i rozwi\u0105za\u0144. Wykorzystanie technologii CNC (Computer Numerical Control) zapewnia precyzyjne i skomplikowane obr\u00f3bki mechaniczne, co przek\u0142ada si\u0119 na wyj\u0105tkow\u0105 jako\u015b\u0107 i trwa\u0142o\u015b\u0107 komponent\u00f3w rower\u00f3w.<\/p>\n\n\n\n<p>Dodatkowo, ci\u0119cie laserem to kolejny krok w kierunku najwy\u017cszej jako\u015bci. Dzi\u0119ki tej zaawansowanej technologii, marka RaptorE-bajk osi\u0105ga nie tylko precyzj\u0119 w projektowaniu, ale r\u00f3wnie\u017c estetyczny wygl\u0105d swoich produkt\u00f3w.<\/p>\n\n\n\n<p>W efekcie, RaptorE-bajk dostarcza klientom nie tylko nowoczesne i wydajne rowery elektryczne, ale r\u00f3wnie\u017c nieustannie podnosi poprzeczk\u0119, u\u017cywaj\u0105c najnowocze\u015bniejszych technologii dost\u0119pnych w bran\u017cy. To marka, kt\u00f3ra nie tylko pod\u0105\u017ca za trendami, ale je tworzy, daj\u0105c klientom pewno\u015b\u0107, \u017ce s\u0105 na czele innowacji w \u015bwiecie elektrycznej&nbsp;mobilno\u015bci<\/p>\n","protected":false},"excerpt":{"rendered":"<p>Kim jeste\u015bmy? Marka RaptorE-bajk wyr\u00f3\u017cnia si\u0119 jako lider w dziedzinie elektrycznych pojazd\u00f3w. Zdecydowanie stawia na innowacje, korzystaj\u0105c z najnowszych technologii i rozwi\u0105za\u0144. Wykorzystanie technologii CNC (Computer Numerical Control) zapewnia precyzyjne i skomplikowane obr\u00f3bki mechaniczne, co przek\u0142ada si\u0119 na wyj\u0105tkow\u0105 jako\u015b\u0107 i trwa\u0142o\u015b\u0107 komponent\u00f3w rower\u00f3w. Dodatkowo, ci\u0119cie laserem to kolejny krok [&hellip;]<\/p>\n","protected":false},"author":1,"featured_media":0,"parent":0,"menu_order":0,"comment_status":"closed","ping_status":"closed","template":"","meta":{"footnotes":""},"class_list":["post-9","page","type-page","status-publish","hentry"],"jetpack_sharing_enabled":true,"_links":{"self":[{"href":"https:\/\/www.raptore-bajk.pl\/index.php\/wp-json\/wp\/v2\/pages\/9","targetHints":{"allow":["GET"]}}],"collection":[{"href":"https:\/\/www.raptore-bajk.pl\/index.php\/wp-json\/wp\/v2\/pages"}],"about":[{"href":"https:\/\/www.raptore-bajk.pl\/index.php\/wp-json\/wp\/v2\/types\/page"}],"author":[{"embeddable":true,"href":"https:\/\/www.raptore-bajk.pl\/index.php\/wp-json\/wp\/v2\/users\/1"}],"replies":[{"embeddable":true,"href":"https:\/\/www.raptore-bajk.pl\/index.php\/wp-json\/wp\/v2\/comments?post=9"}],"version-history":[{"count":8,"href":"https:\/\/www.raptore-bajk.pl\/index.php\/wp-json\/wp\/v2\/pages\/9\/revisions"}],"predecessor-version":[{"id":1040,"href":"https:\/\/www.raptore-bajk.pl\/index.php\/wp-json\/wp\/v2\/pages\/9\/revisions\/1040"}],"wp:attachment":[{"href":"https:\/\/www.raptore-bajk.pl\/index.php\/wp-json\/wp\/v2\/media?parent=9"}],"curies":[{"name":"wp","href":"https:\/\/api.w.org\/{rel}","templated":true}]}}