{"id":12,"date":"2021-09-16T18:29:36","date_gmt":"2021-09-16T18:29:36","guid":{"rendered":"http:\/\/www.raptore-bajk.pl\/?page_id=12"},"modified":"2022-12-19T20:34:54","modified_gmt":"2022-12-19T19:34:54","slug":"sekcja-strony-glownej","status":"publish","type":"page","link":"https:\/\/www.raptore-bajk.pl\/index.php\/sekcja-strony-glownej\/","title":{"rendered":"Czym si\u0119 zajmujemy:"},"content":{"rendered":"\n<p>Budowa rower\u00f3w elektrycznych<\/p>\n\n\n\n<p>Budowa akumulator\u00f3w Li-Ion<\/p>\n\n\n\n<p>Regeneracja Akumulator\u00f3w<\/p>\n\n\n\n<p>Serwis rower\u00f3w elektrycznych<\/p>\n\n\n\n<p>Serwis Akumulator\u00f3w<\/p>\n\n\n\n<p>#raptorebajk<\/p>\n","protected":false},"excerpt":{"rendered":"<p>Budowa rower\u00f3w elektrycznych Budowa akumulator\u00f3w Li-Ion Regeneracja Akumulator\u00f3w Serwis rower\u00f3w elektrycznych Serwis Akumulator\u00f3w #raptorebajk<\/p>\n","protected":false},"author":1,"featured_media":589,"parent":0,"menu_order":0,"comment_status":"closed","ping_status":"closed","template":"","meta":{"footnotes":""},"class_list":["post-12","page","type-page","status-publish","has-post-thumbnail","hentry"],"jetpack_sharing_enabled":true,"_links":{"self":[{"href":"https:\/\/www.raptore-bajk.pl\/index.php\/wp-json\/wp\/v2\/pages\/12","targetHints":{"allow":["GET"]}}],"collection":[{"href":"https:\/\/www.raptore-bajk.pl\/index.php\/wp-json\/wp\/v2\/pages"}],"about":[{"href":"https:\/\/www.raptore-bajk.pl\/index.php\/wp-json\/wp\/v2\/types\/page"}],"author":[{"embeddable":true,"href":"https:\/\/www.raptore-bajk.pl\/index.php\/wp-json\/wp\/v2\/users\/1"}],"replies":[{"embeddable":true,"href":"https:\/\/www.raptore-bajk.pl\/index.php\/wp-json\/wp\/v2\/comments?post=12"}],"version-history":[{"count":4,"href":"https:\/\/www.raptore-bajk.pl\/index.php\/wp-json\/wp\/v2\/pages\/12\/revisions"}],"predecessor-version":[{"id":643,"href":"https:\/\/www.raptore-bajk.pl\/index.php\/wp-json\/wp\/v2\/pages\/12\/revisions\/643"}],"wp:featuredmedia":[{"embeddable":true,"href":"https:\/\/www.raptore-bajk.pl\/index.php\/wp-json\/wp\/v2\/media\/589"}],"wp:attachment":[{"href":"https:\/\/www.raptore-bajk.pl\/index.php\/wp-json\/wp\/v2\/media?parent=12"}],"curies":[{"name":"wp","href":"https:\/\/api.w.org\/{rel}","templated":true}]}}